{"id":1161,"date":"2025-12-22T11:02:48","date_gmt":"2025-12-22T10:02:48","guid":{"rendered":"https:\/\/www.thedoorman.de\/?page_id=1161"},"modified":"2026-04-09T13:33:28","modified_gmt":"2026-04-09T11:33:28","slug":"impressum","status":"publish","type":"page","link":"https:\/\/www.thedoorman.de\/en\/impressum\/","title":{"rendered":"Legal Notice"},"content":{"rendered":"<div data-elementor-type=\"wp-page\" data-elementor-id=\"1161\" class=\"elementor elementor-1161\">\n\t\t\t\t<div class=\"elementor-element elementor-element-67ca967a e-con-full e-flex e-con e-child\" data-id=\"67ca967a\" data-element_type=\"container\" data-e-type=\"container\" data-settings=\"{&quot;background_background&quot;:&quot;classic&quot;}\">\n\t\t<div class=\"elementor-element elementor-element-5990aea8 e-flex e-con-boxed e-con e-child\" data-id=\"5990aea8\" data-element_type=\"container\" data-e-type=\"container\">\n\t\t\t\t\t<div class=\"e-con-inner\">\n\t\t<div class=\"elementor-element elementor-element-1ce3da70 e-con-full e-flex e-con e-child\" data-id=\"1ce3da70\" data-element_type=\"container\" data-e-type=\"container\">\n\t\t\t\t<\/div>\n\t\t<div class=\"elementor-element elementor-element-70f3a9b2 e-con-full e-flex e-con e-child\" data-id=\"70f3a9b2\" data-element_type=\"container\" data-e-type=\"container\">\n\t\t\t\t<div class=\"elementor-element elementor-element-5248d69 elementor-widget elementor-widget-heading\" data-id=\"5248d69\" data-element_type=\"widget\" data-e-type=\"widget\" data-widget_type=\"heading.default\">\n\t\t\t\t\t<h1 class=\"elementor-heading-title elementor-size-default\">Legal Notice<\/h1>\t\t\t\t<\/div>\n\t\t\t\t<\/div>\n\t\t<div class=\"elementor-element elementor-element-1c2bc9a e-con-full e-flex e-con e-child\" data-id=\"1c2bc9a\" data-element_type=\"container\" data-e-type=\"container\">\n\t\t\t\t<\/div>\n\t\t\t\t\t<\/div>\n\t\t\t\t<\/div>\n\t\t\t\t<\/div>\n\t\t<div class=\"elementor-element elementor-element-7cc0ea97 e-flex e-con-boxed e-con e-parent\" data-id=\"7cc0ea97\" data-element_type=\"container\" data-e-type=\"container\">\n\t\t\t\t\t<div class=\"e-con-inner\">\n\t\t\t\t<div class=\"elementor-element elementor-element-2fd21dad elementor-widget elementor-widget-text-editor\" data-id=\"2fd21dad\" data-element_type=\"widget\" data-e-type=\"widget\" data-widget_type=\"text-editor.default\">\n\t\t\t\t\t\t\t\t\t<p data-start=\"0\" data-end=\"114\">The <strong data-start=\"4\" data-end=\"45\">The Doorman Betriebsgesellschaft GmbH<\/strong> is a German limited liability company (Gesellschaft mit beschr\u00e4nkter Haftung) in accordance with German law.<\/p><p data-start=\"116\" data-end=\"209\"><strong data-start=\"116\" data-end=\"136\">Managing Director:<\/strong> Nermin Grosch<br data-start=\"150\" data-end=\"153\" \/><strong>Local Court Frankfurt am Main, Commercial Register No. HRB:<\/strong> 105076<br \/><strong>Tax ID:<\/strong> 047 246 35157<br \/><strong data-start=\"194\" data-end=\"209\">VAT: <\/strong>DE208335464<\/p><p data-start=\"211\" data-end=\"411\"><strong data-start=\"211\" data-end=\"226\">Company headquarters:<\/strong> Ro\u00dfmarkt 15A \/ 60311 Frankfurt am Main \/ Deutschland<br data-start=\"279\" data-end=\"282\" \/><strong data-start=\"282\" data-end=\"294\">Telefon:<\/strong> +49 (69) 697619 00<br data-start=\"313\" data-end=\"316\" \/><strong data-start=\"316\" data-end=\"324\">Fax:<\/strong> +49 (69) 697619 10<br data-start=\"343\" data-end=\"346\" \/><strong data-start=\"346\" data-end=\"354\">Web:<\/strong> <a class=\"decorated-link\" href=\"http:\/\/www.thedoorman.de\/en\/\" target=\"_new\" rel=\"noopener\" data-start=\"355\" data-end=\"372\">www.thedoorman.de<\/a><br data-start=\"372\" data-end=\"375\" \/><strong data-start=\"375\" data-end=\"386\">E-Mail:<\/strong> <a class=\"decorated-link cursor-pointer\" rel=\"noopener\" data-start=\"387\" data-end=\"409\">info@www.thedoorman.de<\/a><\/p><p data-start=\"413\" data-end=\"518\">The Doorman Betriebsgesellschaft mbH holds all rights to this website\u2019s design and content.<\/p><p data-start=\"520\" data-end=\"844\">All rights reserved, unless explicitly stated otherwise. Sources for quotations are given. All text, images, diagrams, audio files, animations and videos, and their arrangement on the website, are protected by copyright and other laws for the protection of intellectual property.<\/p><p data-start=\"846\" data-end=\"1065\">No content on this website may be reproduced, distributed, altered or made available to third parties for commercial purposes without express written permission of The Doorman Betriebsgesellschaft GmbH.<\/p><p data-start=\"1067\" data-end=\"1251\">All logos, company names and trademarks are the property of The Doorman Betriebsgesellschaft GmbH. In addition to this, some pages contain images subject to third-party copyright.<\/p><p data-start=\"1253\" data-end=\"1565\">We may include links to third-party websites in these pages. The Doorman Betriebsgesellschaft mbH assumes no responsibility or liability for third-party websites; these are covered by their own terms of use and data protection guidelines.<\/p><p data-start=\"1567\" data-end=\"2002\">The content of this website is intended for information on The Doorman Betriebsgesellschaft mbH only. The Doorman Betriebsgesellschaft GmbH accepts no responsibility or liability for the accuracy or completeness of the information contained on this website, nor for its being up to date. This also applies to hyperlinks. Changes and additions to the information presented on this website will be carried out without prior notice.<\/p><p data-start=\"2004\" data-end=\"2156\" data-is-last-node=\"\" data-is-only-node=\"\"><strong data-start=\"2004\" data-end=\"2044\">Design, Grafik &amp; Portraitfotografie:<\/strong> Sven Gabriel (<a class=\"decorated-link\" href=\"http:\/\/www.svengabriel.com\/\" target=\"_new\" rel=\"noopener\" data-start=\"2059\" data-end=\"2078\">www.svengabriel.com<\/a>)<br data-start=\"2079\" data-end=\"2082\" \/><strong data-start=\"2082\" data-end=\"2120\">Technischer Support &amp; Optimierung:<\/strong> ZschimmerIT.de (<a class=\"decorated-link\" href=\"http:\/\/www.zschimmerit.de\/\" target=\"_new\" rel=\"noopener\" data-start=\"2137\" data-end=\"2155\">www.ZschimmerIT.de<\/a>)<\/p>\t\t\t\t\t\t\t\t<\/div>\n\t\t\t\t\t<\/div>\n\t\t\t\t<\/div>\n\t\t\t\t<\/div>","protected":false},"excerpt":{"rendered":"<p>IMPRESSUM Die The Doorman Betriebsgesellschaft GmbH ist eine Gesellschaft mit beschr\u00e4nkter Haftung nach deutschem Recht. Gesch\u00e4ftsf\u00fchrer: Nermin GroschAmtsgericht Frankfurt am Main HRB: 105076Steuernummer: 047 246 35157USt.-IdNr.: DE208335464 Firmensitz: Ro\u00dfmarkt 15A \/ 60311 Frankfurt am Main \/ DeutschlandTelefon: +49 (69) 697619 00Fax: +49 (69) 697619 10Web: www.thedoorman.deE-Mail: info@www.thedoorman.de Die The Doorman Betriebsgesellschaft mbH h\u00e4lt s\u00e4mtliche Rechte [&hellip;]<\/p>\n","protected":false},"author":9,"featured_media":0,"parent":0,"menu_order":0,"comment_status":"closed","ping_status":"closed","template":"","meta":{"footnotes":""},"class_list":["post-1161","page","type-page","status-publish","hentry","entry"],"jetpack_sharing_enabled":true,"_links":{"self":[{"href":"https:\/\/www.thedoorman.de\/en\/wp-json\/wp\/v2\/pages\/1161","targetHints":{"allow":["GET"]}}],"collection":[{"href":"https:\/\/www.thedoorman.de\/en\/wp-json\/wp\/v2\/pages"}],"about":[{"href":"https:\/\/www.thedoorman.de\/en\/wp-json\/wp\/v2\/types\/page"}],"author":[{"embeddable":true,"href":"https:\/\/www.thedoorman.de\/en\/wp-json\/wp\/v2\/users\/9"}],"replies":[{"embeddable":true,"href":"https:\/\/www.thedoorman.de\/en\/wp-json\/wp\/v2\/comments?post=1161"}],"version-history":[{"count":43,"href":"https:\/\/www.thedoorman.de\/en\/wp-json\/wp\/v2\/pages\/1161\/revisions"}],"predecessor-version":[{"id":2228,"href":"https:\/\/www.thedoorman.de\/en\/wp-json\/wp\/v2\/pages\/1161\/revisions\/2228"}],"wp:attachment":[{"href":"https:\/\/www.thedoorman.de\/en\/wp-json\/wp\/v2\/media?parent=1161"}],"curies":[{"name":"wp","href":"https:\/\/api.w.org\/{rel}","templated":true}]}}