{"id":1047,"date":"2025-12-22T09:22:30","date_gmt":"2025-12-22T08:22:30","guid":{"rendered":"https:\/\/www.thedoorman.de\/?page_id=1047"},"modified":"2026-03-09T20:08:10","modified_gmt":"2026-03-09T19:08:10","slug":"service-2","status":"publish","type":"page","link":"https:\/\/www.thedoorman.de\/en\/service-2\/","title":{"rendered":"Service"},"content":{"rendered":"\t\t<div data-elementor-type=\"wp-page\" data-elementor-id=\"1047\" class=\"elementor elementor-1047\">\n\t\t\t\t<div class=\"elementor-element elementor-element-3d425ec3 e-con-full e-flex e-con e-child\" data-id=\"3d425ec3\" data-element_type=\"container\" data-e-type=\"container\" data-settings=\"{&quot;background_background&quot;:&quot;classic&quot;}\">\n\t\t<div class=\"elementor-element elementor-element-19363a02 e-flex e-con-boxed e-con e-child\" data-id=\"19363a02\" data-element_type=\"container\" data-e-type=\"container\">\n\t\t\t\t\t<div class=\"e-con-inner\">\n\t\t<div class=\"elementor-element elementor-element-95d1c87 e-con-full e-flex e-con e-child\" data-id=\"95d1c87\" data-element_type=\"container\" data-e-type=\"container\">\n\t\t\t\t<div class=\"elementor-element elementor-element-777416e4 elementor-widget elementor-widget-heading\" data-id=\"777416e4\" data-element_type=\"widget\" data-e-type=\"widget\" data-widget_type=\"heading.default\">\n\t\t\t\t\t<h1 class=\"elementor-heading-title elementor-size-default\">The Doorman<\/h1>\t\t\t\t<\/div>\n\t\t\t\t<div class=\"elementor-element elementor-element-4f66c8f6 elementor-widget elementor-widget-heading\" data-id=\"4f66c8f6\" data-element_type=\"widget\" data-e-type=\"widget\" data-widget_type=\"heading.default\">\n\t\t\t\t\t<h2 class=\"elementor-heading-title elementor-size-default\">Service<\/h2>\t\t\t\t<\/div>\n\t\t\t\t<\/div>\n\t\t\t\t\t<\/div>\n\t\t\t\t<\/div>\n\t\t\t\t<\/div>\n\t\t<div class=\"elementor-element elementor-element-4baaf5c e-con-full e-flex elementor-invisible e-con e-child\" data-id=\"4baaf5c\" data-element_type=\"container\" data-e-type=\"container\" data-settings=\"{&quot;animation&quot;:&quot;fadeInUp&quot;}\">\n\t\t\t\t<div class=\"elementor-element elementor-element-17dc81ac elementor-widget elementor-widget-text-editor\" data-id=\"17dc81ac\" data-element_type=\"widget\" data-e-type=\"widget\" data-widget_type=\"text-editor.default\">\n\t\t\t\t\t\t\t\t\t<p>Bei <strong data-start=\"4\" data-end=\"19\">THE DOORMAN<\/strong> definieren wir das Konzept des tempor\u00e4ren Wohnens neu. Unsere exklusiven Serviced Apartments in Frankfurt verbinden den Komfort eines privaten Zuhauses mit der Eleganz und dem Service eines Premiumhotels. Ob f\u00fcr eine kurze Gesch\u00e4ftsreise oder einen l\u00e4ngeren Aufenthalt \u2013 unsere Residenzen, wie <strong data-start=\"314\" data-end=\"336\">THE DOORMAN GOETHE<\/strong> und <strong data-start=\"341\" data-end=\"362\">THE DOORMAN WELLE<\/strong>, bieten anspruchsvolles Design, modernste Ausstattung und pers\u00f6nlichen Service an den prestigetr\u00e4chtigsten Standorten der Stadt.<\/p>\t\t\t\t\t\t\t\t<\/div>\n\t\t\t\t<div class=\"elementor-element elementor-element-3b60097e elementor-widget-divider--view-line elementor-widget elementor-widget-divider\" data-id=\"3b60097e\" data-element_type=\"widget\" data-e-type=\"widget\" data-widget_type=\"divider.default\">\n\t\t\t\t\t\t\t<div class=\"elementor-divider\">\n\t\t\t<span class=\"elementor-divider-separator\">\n\t\t\t\t\t\t<\/span>\n\t\t<\/div>\n\t\t\t\t\t\t<\/div>\n\t\t\t\t<div class=\"elementor-element elementor-element-59bf54ba elementor-widget elementor-widget-text-editor\" data-id=\"59bf54ba\" data-element_type=\"widget\" data-e-type=\"widget\" data-widget_type=\"text-editor.default\">\n\t\t\t\t\t\t\t\t\t<div class=\"flex flex-col text-sm pb-25\"><article class=\"text-token-text-primary w-full focus:outline-none [--shadow-height:45px] has-data-writing-block:pointer-events-none has-data-writing-block:-mt-(--shadow-height) has-data-writing-block:pt-(--shadow-height) [&amp;:has([data-writing-block])&gt;*]:pointer-events-auto scroll-mt-[calc(var(--header-height)+min(200px,max(70px,20svh)))]\" dir=\"auto\" tabindex=\"-1\" data-turn-id=\"request-WEB:5632bb9f-9e3b-42c9-acb3-d649cb54ccd0-75\" data-testid=\"conversation-turn-100\" data-scroll-anchor=\"true\" data-turn=\"assistant\"><div class=\"text-base my-auto mx-auto pb-10 [--thread-content-margin:--spacing(4)] @w-sm\/main:[--thread-content-margin:--spacing(6)] @w-lg\/main:[--thread-content-margin:--spacing(16)] px-(--thread-content-margin)\"><div class=\"[--thread-content-max-width:40rem] @w-lg\/main:[--thread-content-max-width:48rem] mx-auto max-w-(--thread-content-max-width) flex-1 group\/turn-messages focus-visible:outline-hidden relative flex w-full min-w-0 flex-col agent-turn\" tabindex=\"-1\"><div class=\"flex max-w-full flex-col grow\"><div class=\"min-h-8 text-message relative flex w-full flex-col items-end gap-2 text-start break-words whitespace-normal [.text-message+&amp;]:mt-1\" dir=\"auto\" data-message-author-role=\"assistant\" data-message-id=\"20b83940-0099-4504-a530-5b2c32817676\" data-message-model-slug=\"gpt-5-2\"><div class=\"flex w-full flex-col gap-1 empty:hidden first:pt-[1px]\"><div class=\"markdown prose dark:prose-invert w-full wrap-break-word light markdown-new-styling\"><p data-start=\"0\" data-end=\"300\" data-is-last-node=\"\" data-is-only-node=\"\">Jede unserer Residenzen spiegelt unsere Philosophie wider: diskreter Luxus, moderner Komfort und ein Gef\u00fchl von Zuhause im Herzen der Stadt. Mit viel Liebe zum Detail und einer gro\u00dfen Leidenschaft f\u00fcr Gastfreundschaft sorgt <strong data-start=\"224\" data-end=\"239\">THE DOORMAN<\/strong> daf\u00fcr, dass jeder Aufenthalt nahtlos und unvergesslich wird.<\/p><\/div><\/div><\/div><\/div><div class=\"z-0 flex min-h-[46px] justify-start\">\u00a0<\/div><div class=\"mt-3 w-full empty:hidden\"><div class=\"text-center\">\u00a0<\/div><\/div><\/div><\/div><\/article><\/div>\t\t\t\t\t\t\t\t<\/div>\n\t\t<div class=\"elementor-element elementor-element-39e11006 e-con-full e-flex e-con e-child\" data-id=\"39e11006\" data-element_type=\"container\" data-e-type=\"container\" data-settings=\"{&quot;background_background&quot;:&quot;classic&quot;}\">\n\t\t<div class=\"elementor-element elementor-element-4c61a05e e-con-full e-flex e-con e-child\" data-id=\"4c61a05e\" data-element_type=\"container\" data-e-type=\"container\" data-settings=\"{&quot;background_background&quot;:&quot;classic&quot;}\">\n\t\t\t\t<\/div>\n\t\t<div class=\"elementor-element elementor-element-4d9a4b11 e-flex e-con-boxed e-con e-child\" data-id=\"4d9a4b11\" data-element_type=\"container\" data-e-type=\"container\" data-settings=\"{&quot;background_background&quot;:&quot;classic&quot;}\">\n\t\t\t\t\t<div class=\"e-con-inner\">\n\t\t\t\t<div class=\"elementor-element elementor-element-38ebe404 elementor-widget elementor-widget-image\" data-id=\"38ebe404\" data-element_type=\"widget\" data-e-type=\"widget\" data-widget_type=\"image.default\">\n\t\t\t\t\t\t\t\t\t\t\t\t\t\t\t<img fetchpriority=\"high\" decoding=\"async\" width=\"1024\" height=\"864\" src=\"https:\/\/www.thedoorman.de\/wp-content\/uploads\/2025\/12\/TheDoorman_weiss-1024x864.png\" class=\"attachment-large size-large wp-image-912\" alt=\"\" srcset=\"https:\/\/www.thedoorman.de\/wp-content\/uploads\/2025\/12\/TheDoorman_weiss-1024x864.png 1024w, https:\/\/www.thedoorman.de\/wp-content\/uploads\/2025\/12\/TheDoorman_weiss-300x253.png 300w, https:\/\/www.thedoorman.de\/wp-content\/uploads\/2025\/12\/TheDoorman_weiss-768x648.png 768w, https:\/\/www.thedoorman.de\/wp-content\/uploads\/2025\/12\/TheDoorman_weiss-1536x1296.png 1536w, https:\/\/www.thedoorman.de\/wp-content\/uploads\/2025\/12\/TheDoorman_weiss.png 1944w\" sizes=\"(max-width: 1024px) 100vw, 1024px\" \/>\t\t\t\t\t\t\t\t\t\t\t\t\t\t\t<\/div>\n\t\t\t\t\t<\/div>\n\t\t\t\t<\/div>\n\t\t<div class=\"elementor-element elementor-element-a065ca9 e-flex e-con-boxed e-con e-child\" data-id=\"a065ca9\" data-element_type=\"container\" data-e-type=\"container\" data-settings=\"{&quot;background_background&quot;:&quot;classic&quot;}\">\n\t\t\t\t\t<div class=\"e-con-inner\">\n\t\t\t\t\t<\/div>\n\t\t\t\t<\/div>\n\t\t\t\t<\/div>\n\t\t<div class=\"elementor-element elementor-element-2ac5e87a e-flex e-con-boxed elementor-invisible e-con e-child\" data-id=\"2ac5e87a\" data-element_type=\"container\" data-e-type=\"container\" data-settings=\"{&quot;animation&quot;:&quot;fadeInUp&quot;}\">\n\t\t\t\t\t<div class=\"e-con-inner\">\n\t\t<div class=\"elementor-element elementor-element-23fcc0f1 e-con-full e-flex e-con e-child\" data-id=\"23fcc0f1\" data-element_type=\"container\" data-e-type=\"container\">\n\t\t\t\t<div class=\"elementor-element elementor-element-5b36fb86 elementor-widget elementor-widget-heading\" data-id=\"5b36fb86\" data-element_type=\"widget\" data-e-type=\"widget\" data-widget_type=\"heading.default\">\n\t\t\t\t\t<h2 class=\"elementor-heading-title elementor-size-default\">partner<\/h2>\t\t\t\t<\/div>\n\t\t\t\t<div class=\"elementor-element elementor-element-272c9b77 elementor-widget elementor-widget-heading\" data-id=\"272c9b77\" data-element_type=\"widget\" data-e-type=\"widget\" data-widget_type=\"heading.default\">\n\t\t\t\t\t<h3 class=\"elementor-heading-title elementor-size-default\">von the Doorman<\/h3>\t\t\t\t<\/div>\n\t\t\t\t<\/div>\n\t\t<div class=\"elementor-element elementor-element-13438837 e-con-full e-flex e-con e-child\" data-id=\"13438837\" data-element_type=\"container\" data-e-type=\"container\">\n\t\t\t\t<div class=\"elementor-element elementor-element-6b91ac92 elementor-widget elementor-widget-text-editor\" data-id=\"6b91ac92\" data-element_type=\"widget\" data-e-type=\"widget\" data-widget_type=\"text-editor.default\">\n\t\t\t\t\t\t\t\t\t<p>Gemeinsam mit unseren vertrauensvollen Partnern schafft <strong data-start=\"56\" data-end=\"71\">THE DOORMAN<\/strong> exklusive Serviceerlebnisse, die individuell auf die Bed\u00fcrfnisse unserer G\u00e4ste abgestimmt sind. Durch enge Zusammenarbeit gew\u00e4hrleisten wir h\u00f6chste Qualit\u00e4t und eine kontinuierliche Weiterentwicklung unserer Angebote. Unser Netzwerk umfasst ausgew\u00e4hlte Fitnessstudios, gehobene Restaurants und Bars, Beauty- und Wellnesssalons, Eventagenturen sowie professionelle Dolmetscher \u2013 alle mit dem Ziel, au\u00dfergew\u00f6hnlichen Komfort und erstklassigen Service zu bieten.<\/p>\t\t\t\t\t\t\t\t<\/div>\n\t\t\t\t<\/div>\n\t\t\t\t<div class=\"elementor-element elementor-element-4e73b118 elementor-align-center elementor-widget elementor-widget-button\" data-id=\"4e73b118\" data-element_type=\"widget\" data-e-type=\"widget\" data-widget_type=\"button.default\">\n\t\t\t\t\t\t\t\t\t\t<a class=\"elementor-button elementor-button-link elementor-size-sm elementor-animation-grow\" href=\"https:\/\/www.thedoorman.de\/wp-content\/uploads\/2025\/12\/Gaestemappe-TDW-2023.pdf\">\n\t\t\t\t\t\t<span class=\"elementor-button-content-wrapper\">\n\t\t\t\t\t\t\t\t\t<span class=\"elementor-button-text\">DOWNLOAD G\u00c4STEMAPPE<\/span>\n\t\t\t\t\t<\/span>\n\t\t\t\t\t<\/a>\n\t\t\t\t\t\t\t\t<\/div>\n\t\t\t\t\t<\/div>\n\t\t\t\t<\/div>\n\t\t<div class=\"elementor-element elementor-element-17b3749d e-con-full e-flex e-con e-child\" data-id=\"17b3749d\" data-element_type=\"container\" data-e-type=\"container\">\n\t\t<div class=\"elementor-element elementor-element-6543e182 e-con-full e-flex e-con e-child\" data-id=\"6543e182\" data-element_type=\"container\" data-e-type=\"container\" data-settings=\"{&quot;background_background&quot;:&quot;classic&quot;}\">\n\t\t\t\t<\/div>\n\t\t<div class=\"elementor-element elementor-element-1ce79f2f e-con-full e-flex e-con e-child\" data-id=\"1ce79f2f\" data-element_type=\"container\" data-e-type=\"container\" data-settings=\"{&quot;background_background&quot;:&quot;classic&quot;}\">\n\t\t\t\t<\/div>\n\t\t\t\t<\/div>\n\t\t<div class=\"elementor-element elementor-element-4d893905 e-flex e-con-boxed elementor-invisible e-con e-child\" data-id=\"4d893905\" data-element_type=\"container\" data-e-type=\"container\" data-settings=\"{&quot;animation&quot;:&quot;fadeInUp&quot;}\">\n\t\t\t\t\t<div class=\"e-con-inner\">\n\t\t<div class=\"elementor-element elementor-element-6b4187e e-con-full e-flex e-con e-child\" data-id=\"6b4187e\" data-element_type=\"container\" data-e-type=\"container\">\n\t\t\t\t<div class=\"elementor-element elementor-element-6cbb87b9 elementor-widget elementor-widget-heading\" data-id=\"6cbb87b9\" data-element_type=\"widget\" data-e-type=\"widget\" data-widget_type=\"heading.default\">\n\t\t\t\t\t<h2 class=\"elementor-heading-title elementor-size-default\">service Paket<\/h2>\t\t\t\t<\/div>\n\t\t\t\t<\/div>\n\t\t<div class=\"elementor-element elementor-element-5bd1ad09 e-con-full e-flex e-con e-child\" data-id=\"5bd1ad09\" data-element_type=\"container\" data-e-type=\"container\">\n\t\t\t\t<div class=\"elementor-element elementor-element-6fa3b7fe elementor-widget__width-initial elementor-widget elementor-widget-text-editor\" data-id=\"6fa3b7fe\" data-element_type=\"widget\" data-e-type=\"widget\" data-widget_type=\"text-editor.default\">\n\t\t\t\t\t\t\t\t\t<ul><li>24-Stunden-Concierge-Service<\/li><li>Stilvoller Wohnbereich mit hochwertiger Einrichtung, B\u00fccherregal, Tisch, Sesseln und Schreibtisch<\/li><li>Schlafzimmer mit luxuri\u00f6sen Betten inklusive Bettw\u00e4sche sowie gro\u00dfz\u00fcgigen Kleiderschr\u00e4nken<\/li><li>K\u00fcche oder Kitchenette mit Geschirr f\u00fcr 6 Personen<\/li><li>Umfangreiche Kochausstattung, moderne Kaffeemaschine und Geschirrsp\u00fcler<\/li><li>Badezimmer mit Haartrockner und ausreichend Handt\u00fcchern<\/li><li>Kosmetikt\u00fccher und<\/li><li>exklusive Pflegeprodukte<br data-start=\"452\" data-end=\"455\" \/>B\u00fcgeleisen und B\u00fcgelbrett<\/li><li>Highspeed-Internet (DSL)<\/li><li>Kostenloses WLAN<br data-start=\"526\" data-end=\"529\" \/>Radio, Flachbild-TV und DVD-Player<\/li><li>W\u00f6chentlicher Reinigungsservice<\/li><li>W\u00e4scheservice f\u00fcr Handt\u00fccher und Bettw\u00e4sche<\/li><\/ul>\t\t\t\t\t\t\t\t<\/div>\n\t\t\t\t<div class=\"elementor-element elementor-element-7237220f elementor-widget elementor-widget-text-editor\" data-id=\"7237220f\" data-element_type=\"widget\" data-e-type=\"widget\" data-widget_type=\"text-editor.default\">\n\t\t\t\t\t\t\t\t\t<div class=\"flex flex-col text-sm pb-25\"><article class=\"text-token-text-primary w-full focus:outline-none [--shadow-height:45px] has-data-writing-block:pointer-events-none has-data-writing-block:-mt-(--shadow-height) has-data-writing-block:pt-(--shadow-height) [&amp;:has([data-writing-block])&gt;*]:pointer-events-auto scroll-mt-[calc(var(--header-height)+min(200px,max(70px,20svh)))]\" dir=\"auto\" tabindex=\"-1\" data-turn-id=\"request-WEB:5632bb9f-9e3b-42c9-acb3-d649cb54ccd0-78\" data-testid=\"conversation-turn-106\" data-scroll-anchor=\"true\" data-turn=\"assistant\"><div class=\"text-base my-auto mx-auto pb-10 [--thread-content-margin:--spacing(4)] @w-sm\/main:[--thread-content-margin:--spacing(6)] @w-lg\/main:[--thread-content-margin:--spacing(16)] px-(--thread-content-margin)\"><div class=\"[--thread-content-max-width:40rem] @w-lg\/main:[--thread-content-max-width:48rem] mx-auto max-w-(--thread-content-max-width) flex-1 group\/turn-messages focus-visible:outline-hidden relative flex w-full min-w-0 flex-col agent-turn\" tabindex=\"-1\"><div class=\"flex max-w-full flex-col grow\"><div class=\"min-h-8 text-message relative flex w-full flex-col items-end gap-2 text-start break-words whitespace-normal [.text-message+&amp;]:mt-1\" dir=\"auto\" data-message-author-role=\"assistant\" data-message-id=\"c475e203-dd12-4752-bb6a-403b1762fee8\" data-message-model-slug=\"gpt-5-2\"><div class=\"flex w-full flex-col gap-1 empty:hidden first:pt-[1px]\"><div class=\"markdown prose dark:prose-invert w-full wrap-break-word light markdown-new-styling\"><ul><li data-start=\"0\" data-end=\"188\">Reinigungsutensilien<\/li><li data-start=\"0\" data-end=\"188\">Reisef\u00fchrer<\/li><li data-start=\"0\" data-end=\"188\">City-Fr\u00fchst\u00fccksangebot in der Lobby (Croissant sowie eine vielf\u00e4ltige Auswahl an Tee-, Kaffee- und Hei\u00dfgetr\u00e4nken)<\/li><li data-start=\"0\" data-end=\"188\">Miete inklusive aller Nebenkosten<\/li><\/ul><p data-start=\"190\" data-end=\"669\">Das Badezimmer ist mit einem Haartrockner, ausreichend Handt\u00fcchern, Kosmetikt\u00fcchern sowie exklusiven Pflegeprodukten ausgestattet. Zus\u00e4tzliche Annehmlichkeiten wie B\u00fcgeleisen und B\u00fcgelbrett, Highspeed-DSL und kostenfreies WLAN sowie Radio, Flachbild-TV und DVD-Player sind ebenfalls vorhanden. Ein w\u00f6chentlicher Reinigungsservice, der W\u00e4scheservice f\u00fcr Handt\u00fccher und Bettw\u00e4sche, grundlegende Reinigungsutensilien sowie ein Reisef\u00fchrer sorgen f\u00fcr einen komfortablen Aufenthalt.<\/p><p data-start=\"671\" data-end=\"884\" data-is-last-node=\"\" data-is-only-node=\"\">G\u00e4ste k\u00f6nnen zudem ein City-Fr\u00fchst\u00fcck in der Lobby genie\u00dfen, bestehend aus einem Croissant sowie einer Auswahl an Tee-, Kaffee- und weiteren Hei\u00dfgetr\u00e4nken. Die Miete versteht sich inklusive s\u00e4mtlicher Nebenkosten.<\/p><\/div><\/div><\/div><\/div><\/div><\/div><\/article><\/div>\t\t\t\t\t\t\t\t<\/div>\n\t\t\t\t<\/div>\n\t\t\t\t\t<\/div>\n\t\t\t\t<\/div>\n\t\t<div class=\"elementor-element elementor-element-7cf8b0f1 e-flex e-con-boxed elementor-invisible e-con e-child\" data-id=\"7cf8b0f1\" data-element_type=\"container\" data-e-type=\"container\" data-settings=\"{&quot;animation&quot;:&quot;fadeInUp&quot;}\">\n\t\t\t\t\t<div class=\"e-con-inner\">\n\t\t<div class=\"elementor-element elementor-element-24a0bb50 e-con-full e-flex e-con e-child\" data-id=\"24a0bb50\" data-element_type=\"container\" data-e-type=\"container\">\n\t\t\t\t<div class=\"elementor-element elementor-element-6f6ae468 elementor-widget elementor-widget-heading\" data-id=\"6f6ae468\" data-element_type=\"widget\" data-e-type=\"widget\" data-widget_type=\"heading.default\">\n\t\t\t\t\t<h2 class=\"elementor-heading-title elementor-size-default\">erweitertes service Paket<\/h2>\t\t\t\t<\/div>\n\t\t\t\t<\/div>\n\t\t<div class=\"elementor-element elementor-element-72e056d4 e-con-full e-flex e-con e-child\" data-id=\"72e056d4\" data-element_type=\"container\" data-e-type=\"container\">\n\t\t\t\t<div class=\"elementor-element elementor-element-6c6144c8 elementor-widget__width-initial elementor-widget elementor-widget-text-editor\" data-id=\"6c6144c8\" data-element_type=\"widget\" data-e-type=\"widget\" data-widget_type=\"text-editor.default\">\n\t\t\t\t\t\t\t\t\t<div class=\"flex flex-col text-sm pb-25\"><article class=\"text-token-text-primary w-full focus:outline-none [--shadow-height:45px] has-data-writing-block:pointer-events-none has-data-writing-block:-mt-(--shadow-height) has-data-writing-block:pt-(--shadow-height) [&amp;:has([data-writing-block])&gt;*]:pointer-events-auto scroll-mt-[calc(var(--header-height)+min(200px,max(70px,20svh)))]\" dir=\"auto\" tabindex=\"-1\" data-turn-id=\"request-WEB:5632bb9f-9e3b-42c9-acb3-d649cb54ccd0-79\" data-testid=\"conversation-turn-108\" data-scroll-anchor=\"true\" data-turn=\"assistant\"><div class=\"text-base my-auto mx-auto pb-10 [--thread-content-margin:--spacing(4)] @w-sm\/main:[--thread-content-margin:--spacing(6)] @w-lg\/main:[--thread-content-margin:--spacing(16)] px-(--thread-content-margin)\"><div class=\"[--thread-content-max-width:40rem] @w-lg\/main:[--thread-content-max-width:48rem] mx-auto max-w-(--thread-content-max-width) flex-1 group\/turn-messages focus-visible:outline-hidden relative flex w-full min-w-0 flex-col agent-turn\" tabindex=\"-1\"><div class=\"flex max-w-full flex-col grow\"><div class=\"min-h-8 text-message relative flex w-full flex-col items-end gap-2 text-start break-words whitespace-normal [.text-message+&amp;]:mt-1\" dir=\"auto\" data-message-author-role=\"assistant\" data-message-id=\"24f6adae-aff2-481c-89c5-892724e9f2c1\" data-message-model-slug=\"gpt-5-2\"><div class=\"flex w-full flex-col gap-1 empty:hidden first:pt-[1px]\"><div class=\"markdown prose dark:prose-invert w-full wrap-break-word light markdown-new-styling\"><ul><li data-start=\"0\" data-end=\"335\">T\u00e4glicher Reinigungsservice<\/li><li data-start=\"0\" data-end=\"335\">Flughafentransfer<\/li><li data-start=\"0\" data-end=\"335\">Zustellbetten (z. B. G\u00e4ste- oder Kinderbetten)<\/li><li data-start=\"0\" data-end=\"335\">Dolmetscherservice durch professionelle Dolmetscher<\/li><li data-start=\"0\" data-end=\"335\">Hausbesuche im Bereich Beauty &amp; Wellness (Hair &amp; Make-up, Massagen etc.)<\/li><li data-start=\"0\" data-end=\"335\">Fr\u00fchst\u00fccksservice<\/li><li data-start=\"0\" data-end=\"335\">Catering-Service<\/li><li data-start=\"0\" data-end=\"335\">K\u00fchlschrankservice (Einkauf und Lieferung gem\u00e4\u00df Ihrer Einkaufsliste)<\/li><\/ul><\/div><\/div><\/div><\/div><\/div><\/div><\/article><\/div>\t\t\t\t\t\t\t\t<\/div>\n\t\t\t\t<div class=\"elementor-element elementor-element-3feb912b elementor-widget elementor-widget-text-editor\" data-id=\"3feb912b\" data-element_type=\"widget\" data-e-type=\"widget\" data-widget_type=\"text-editor.default\">\n\t\t\t\t\t\t\t\t\t<ul><li>Champagner- und Weinservice<\/li><li>Blumenservice f\u00fcr Ihr Apartment<\/li><li>W\u00e4scheservice<\/li><li>Eventmanagement<\/li><li>Ticketservice<\/li><li>Fahrradverleih<\/li><\/ul>\t\t\t\t\t\t\t\t<\/div>\n\t\t\t\t<\/div>\n\t\t\t\t\t<\/div>\n\t\t\t\t<\/div>\n\t\t\t\t<\/div>\n\t\t\t\t<\/div>\n\t\t","protected":false},"excerpt":{"rendered":"<p>The Doorman Service Bei THE DOORMAN definieren wir das Konzept des tempor\u00e4ren Wohnens neu. Unsere exklusiven Serviced Apartments in Frankfurt verbinden den Komfort eines privaten Zuhauses mit der Eleganz und dem Service eines Premiumhotels. Ob f\u00fcr eine kurze Gesch\u00e4ftsreise oder einen l\u00e4ngeren Aufenthalt \u2013 unsere Residenzen, wie THE DOORMAN GOETHE und THE DOORMAN WELLE, bieten [&hellip;]<\/p>\n","protected":false},"author":9,"featured_media":0,"parent":0,"menu_order":0,"comment_status":"closed","ping_status":"closed","template":"","meta":{"footnotes":""},"class_list":["post-1047","page","type-page","status-publish","hentry","entry"],"jetpack_sharing_enabled":true,"_links":{"self":[{"href":"https:\/\/www.thedoorman.de\/en\/wp-json\/wp\/v2\/pages\/1047","targetHints":{"allow":["GET"]}}],"collection":[{"href":"https:\/\/www.thedoorman.de\/en\/wp-json\/wp\/v2\/pages"}],"about":[{"href":"https:\/\/www.thedoorman.de\/en\/wp-json\/wp\/v2\/types\/page"}],"author":[{"embeddable":true,"href":"https:\/\/www.thedoorman.de\/en\/wp-json\/wp\/v2\/users\/9"}],"replies":[{"embeddable":true,"href":"https:\/\/www.thedoorman.de\/en\/wp-json\/wp\/v2\/comments?post=1047"}],"version-history":[{"count":67,"href":"https:\/\/www.thedoorman.de\/en\/wp-json\/wp\/v2\/pages\/1047\/revisions"}],"predecessor-version":[{"id":2128,"href":"https:\/\/www.thedoorman.de\/en\/wp-json\/wp\/v2\/pages\/1047\/revisions\/2128"}],"wp:attachment":[{"href":"https:\/\/www.thedoorman.de\/en\/wp-json\/wp\/v2\/media?parent=1047"}],"curies":[{"name":"wp","href":"https:\/\/api.w.org\/{rel}","templated":true}]}}